{"id":1961,"date":"2025-12-08T21:33:24","date_gmt":"2025-12-08T20:33:24","guid":{"rendered":"https:\/\/rhetd.fr\/?page_id=1961"},"modified":"2025-12-08T21:38:29","modified_gmt":"2025-12-08T20:38:29","slug":"acc","status":"publish","type":"page","link":"https:\/\/rhetd.fr\/","title":{"rendered":"Accueil"},"content":{"rendered":"\t\t<div data-elementor-type=\"wp-page\" data-elementor-id=\"1961\" class=\"elementor elementor-1961\">\n\t\t\t\t\t\t<section class=\"elementor-section elementor-top-section elementor-element elementor-element-324d4d3 elementor-section-boxed elementor-section-height-default elementor-section-height-default\" data-id=\"324d4d3\" data-element_type=\"section\">\n\t\t\t\t\t\t<div class=\"elementor-container elementor-column-gap-default\">\n\t\t\t\t\t<div class=\"elementor-column elementor-col-100 elementor-top-column elementor-element elementor-element-0b13e92\" data-id=\"0b13e92\" data-element_type=\"column\">\n\t\t\t<div class=\"elementor-widget-wrap elementor-element-populated\">\n\t\t\t\t\t\t<div class=\"elementor-element elementor-element-b61fb27 elementor-widget elementor-widget-text-editor\" data-id=\"b61fb27\" data-element_type=\"widget\" data-widget_type=\"text-editor.default\">\n\t\t\t\t<div class=\"elementor-widget-container\">\n\t\t\t\t\t\t\t\t\t<section class=\"elementor-section elementor-top-section elementor-element elementor-element-a68e344 elementor-section-boxed elementor-section-height-default elementor-section-height-default\" data-id=\"a68e344\" data-element_type=\"section\"><div class=\"elementor-container elementor-column-gap-default\"><div class=\"elementor-column elementor-col-100 elementor-top-column elementor-element elementor-element-3e29f89\" data-id=\"3e29f89\" data-element_type=\"column\"><div class=\"elementor-widget-wrap elementor-element-populated\"><div class=\"elementor-element elementor-element-0d3ae90 elementor-widget elementor-widget-text-editor\" data-id=\"0d3ae90\" data-element_type=\"widget\" data-widget_type=\"text-editor.default\"><div class=\"elementor-widget-container\"><p><strong>B<\/strong>ienvenue sur le site Roses\u2019Hier et Demain\u00a0(RHetD.fr) \u00e0 Cr\u00e9on !<\/p><p><strong>C<\/strong>e site est d\u00e9di\u00e9 au maintien de la tradition des \u00ab F\u00eates de la Rosi\u00e8res \u00bb et \u00e0 son actualisation.<\/p><p><strong>S<\/strong>es adh\u00e9rent-e-s ont pour ambition de vous faire vivre de nouveaux projets autour de cette f\u00eate traditionnelle\u2026<\/p><p><strong>\u00c0<\/strong> Cr\u00e9on, on c\u00e9l\u00e8bre depuis 1907, chaque ann\u00e9e, une rosi\u00e8re et un rosier (exception cr\u00e9onnaise) dans une tradition li\u00e9e \u00e0 l\u2019art pictural, plus la\u00efque que confessionnelle.<\/p><p><strong>N<\/strong>ous allons nous retrouver sur le march\u00e9 de no\u00ebl place de la Pr\u00e9v\u00f4t\u00e9 \u00e0 Cr\u00e9on au mois de d\u00e9cembre sur nos ateliers pour la confection de couronnes, boules \u00e0 neige,\u2026<\/p><p><strong>R<\/strong>etrouvez les photos de la f\u00eate de la Rosi\u00e8re de Cr\u00e9on 2024<a href=\"https:\/\/rhetd.fr\/?p=676\"><strong> ici<\/strong><\/a><\/p><p><strong>R<\/strong>etrouvez les photos de la f\u00eate de la Rosi\u00e8re de Cr\u00e9on 2025<a href=\"https:\/\/rhetd.fr\/?p=885\"><strong> ici<\/strong><\/a><\/p><p><strong>R<\/strong>ejoignez nous pour continuer cette belle aventure en cliquant sur <strong><a href=\"https:\/\/rhetd.fr\/wp-content\/uploads\/2025\/12\/Bulletin-dadhesion-_2026.pdf\" target=\"_blank\" rel=\"noopener\">le bulletin d\u2019inscription<\/a><\/strong> ou le bouton ci-dessous<\/p><\/div><\/div><\/div><\/div><\/div><\/section>\t\t\t\t\t\t\t\t<\/div>\n\t\t\t\t<\/div>\n\t\t\t\t\t<\/div>\n\t\t<\/div>\n\t\t\t\t\t<\/div>\n\t\t<\/section>\n\t\t\t\t<section class=\"elementor-section elementor-top-section elementor-element elementor-element-9899014 elementor-section-boxed elementor-section-height-default elementor-section-height-default\" data-id=\"9899014\" data-element_type=\"section\">\n\t\t\t\t\t\t<div class=\"elementor-container elementor-column-gap-default\">\n\t\t\t\t\t<div class=\"elementor-column elementor-col-100 elementor-top-column elementor-element elementor-element-a076ece\" data-id=\"a076ece\" data-element_type=\"column\">\n\t\t\t<div class=\"elementor-widget-wrap elementor-element-populated\">\n\t\t\t\t\t\t<div class=\"elementor-element elementor-element-3af92d0 elementor-widget elementor-widget-shortcode\" data-id=\"3af92d0\" data-element_type=\"widget\" data-widget_type=\"shortcode.default\">\n\t\t\t\t<div class=\"elementor-widget-container\">\n\t\t\t\t\t\t\t<div class=\"elementor-shortcode\"><iframe id=\"haWidget\" allowtransparency=\"true\" src=\"https:\/\/www.helloasso.com\/associations\/roses-hier-et-demain\/adhesions\/bulletin-d-adhesion-2026\/widget-bouton\" style=\"width: 100%; height: 70px; border: none;\" onload=\"window.addEventListener( 'message', function(e) { const dataHeight = e.data.height; const haWidgetElement = document.getElementById('haWidget'); haWidgetElement.height = dataHeight + 'px'; } )\" ><\/iframe><\/div>\n\t\t\t\t\t\t<\/div>\n\t\t\t\t<\/div>\n\t\t\t\t\t<\/div>\n\t\t<\/div>\n\t\t\t\t\t<\/div>\n\t\t<\/section>\n\t\t\t\t<\/div>\n\t\t","protected":false},"excerpt":{"rendered":"<p>Bienvenue sur le site Roses\u2019Hier et Demain\u00a0(RHetD.fr) \u00e0 Cr\u00e9on ! Ce site est d\u00e9di\u00e9 au maintien de la tradition des \u00ab F\u00eates de la Rosi\u00e8res \u00bb et \u00e0 son actualisation. Ses adh\u00e9rent-e-s ont pour ambition de vous faire vivre de nouveaux projets autour de cette f\u00eate traditionnelle\u2026 \u00c0 Cr\u00e9on, on c\u00e9l\u00e8bre depuis 1907, chaque ann\u00e9e, une rosi\u00e8re et un rosier (exception cr\u00e9onnaise) dans une tradition li\u00e9e \u00e0 l\u2019art pictural, plus la\u00efque que confessionnelle. Nous allons nous retrouver sur le march\u00e9&#8230;<\/p>\n<p class=\"read-more\"><a class=\"btn btn-default\" href=\"https:\/\/rhetd.fr\/\">Lire la suite<span class=\"screen-reader-text\"> Lire la suite<\/span><\/a><\/p>\n","protected":false},"author":1,"featured_media":0,"parent":0,"menu_order":0,"comment_status":"closed","ping_status":"closed","template":"","meta":{"footnotes":""},"class_list":["post-1961","page","type-page","status-publish","hentry"],"yoast_head":"<!-- This site is optimized with the Yoast SEO plugin v26.8 - https:\/\/yoast.com\/product\/yoast-seo-wordpress\/ -->\n<title>Accueil - Roses&#039;Hier et Demain<\/title>\n<meta name=\"robots\" content=\"index, follow, max-snippet:-1, max-image-preview:large, max-video-preview:-1\" \/>\n<link rel=\"canonical\" href=\"https:\/\/rhetd.fr\/\" \/>\n<meta property=\"og:locale\" content=\"fr_FR\" \/>\n<meta property=\"og:type\" content=\"article\" \/>\n<meta property=\"og:title\" content=\"Accueil - Roses&#039;Hier et Demain\" \/>\n<meta property=\"og:description\" content=\"Bienvenue sur le site Roses\u2019Hier et Demain\u00a0(RHetD.fr) \u00e0 Cr\u00e9on ! Ce site est d\u00e9di\u00e9 au maintien de la tradition des \u00ab F\u00eates de la Rosi\u00e8res \u00bb et \u00e0 son actualisation. Ses adh\u00e9rent-e-s ont pour ambition de vous faire vivre de nouveaux projets autour de cette f\u00eate traditionnelle\u2026 \u00c0 Cr\u00e9on, on c\u00e9l\u00e8bre depuis 1907, chaque ann\u00e9e, une rosi\u00e8re et un rosier (exception cr\u00e9onnaise) dans une tradition li\u00e9e \u00e0 l\u2019art pictural, plus la\u00efque que confessionnelle. Nous allons nous retrouver sur le march\u00e9...Lire la suite Lire la suite\" \/>\n<meta property=\"og:url\" content=\"https:\/\/rhetd.fr\/\" \/>\n<meta property=\"og:site_name\" content=\"Roses&#039;Hier et Demain\" \/>\n<meta property=\"article:publisher\" content=\"https:\/\/www.facebook.com\/people\/Roseshier-et-demain\/100090087024739\" \/>\n<meta property=\"article:modified_time\" content=\"2025-12-08T20:38:29+00:00\" \/>\n<meta property=\"og:image\" content=\"https:\/\/rhetd.fr\/wp-content\/uploads\/2023\/03\/bandeau-site3-1.png\" \/>\n\t<meta property=\"og:image:width\" content=\"2016\" \/>\n\t<meta property=\"og:image:height\" content=\"792\" \/>\n\t<meta property=\"og:image:type\" content=\"image\/png\" \/>\n<meta name=\"twitter:card\" content=\"summary_large_image\" \/>\n<meta name=\"twitter:label1\" content=\"Dur\u00e9e de lecture estim\u00e9e\" \/>\n\t<meta name=\"twitter:data1\" content=\"1 minute\" \/>\n<script type=\"application\/ld+json\" class=\"yoast-schema-graph\">{\"@context\":\"https:\/\/schema.org\",\"@graph\":[{\"@type\":\"WebPage\",\"@id\":\"https:\/\/rhetd.fr\/\",\"url\":\"https:\/\/rhetd.fr\/\",\"name\":\"Accueil - Roses&#039;Hier et Demain\",\"isPartOf\":{\"@id\":\"https:\/\/rhetd.fr\/#website\"},\"datePublished\":\"2025-12-08T20:33:24+00:00\",\"dateModified\":\"2025-12-08T20:38:29+00:00\",\"breadcrumb\":{\"@id\":\"https:\/\/rhetd.fr\/#breadcrumb\"},\"inLanguage\":\"fr-FR\",\"potentialAction\":[{\"@type\":\"ReadAction\",\"target\":[\"https:\/\/rhetd.fr\/\"]}]},{\"@type\":\"BreadcrumbList\",\"@id\":\"https:\/\/rhetd.fr\/#breadcrumb\",\"itemListElement\":[{\"@type\":\"ListItem\",\"position\":1,\"name\":\"Accueil\",\"item\":\"https:\/\/rhetd.fr\/\"},{\"@type\":\"ListItem\",\"position\":2,\"name\":\"Accueil\"}]},{\"@type\":\"WebSite\",\"@id\":\"https:\/\/rhetd.fr\/#website\",\"url\":\"https:\/\/rhetd.fr\/\",\"name\":\"Roses'Hier et Demain\",\"description\":\"Ce site est d\u00e9di\u00e9 au maintien de la tradition des \u00ab F\u00eates de la Rosi\u00e8res \u00bb et \u00e0 son actualisation\",\"publisher\":{\"@id\":\"https:\/\/rhetd.fr\/#organization\"},\"alternateName\":\"RHETD\",\"potentialAction\":[{\"@type\":\"SearchAction\",\"target\":{\"@type\":\"EntryPoint\",\"urlTemplate\":\"https:\/\/rhetd.fr\/?s={search_term_string}\"},\"query-input\":{\"@type\":\"PropertyValueSpecification\",\"valueRequired\":true,\"valueName\":\"search_term_string\"}}],\"inLanguage\":\"fr-FR\"},{\"@type\":\"Organization\",\"@id\":\"https:\/\/rhetd.fr\/#organization\",\"name\":\"Roses'Hier et Demain\",\"url\":\"https:\/\/rhetd.fr\/\",\"logo\":{\"@type\":\"ImageObject\",\"inLanguage\":\"fr-FR\",\"@id\":\"https:\/\/rhetd.fr\/#\/schema\/logo\/image\/\",\"url\":\"https:\/\/rhetd.fr\/wp-content\/uploads\/2023\/03\/cropped-logo-asso.png\",\"contentUrl\":\"https:\/\/rhetd.fr\/wp-content\/uploads\/2023\/03\/cropped-logo-asso.png\",\"width\":512,\"height\":512,\"caption\":\"Roses'Hier et Demain\"},\"image\":{\"@id\":\"https:\/\/rhetd.fr\/#\/schema\/logo\/image\/\"},\"sameAs\":[\"https:\/\/www.facebook.com\/people\/Roseshier-et-demain\/100090087024739\",\"https:\/\/www.instagram.com\/roses_hierdemain\"]}]}<\/script>\n<!-- \/ Yoast SEO plugin. -->","yoast_head_json":{"title":"Accueil - Roses&#039;Hier et Demain","robots":{"index":"index","follow":"follow","max-snippet":"max-snippet:-1","max-image-preview":"max-image-preview:large","max-video-preview":"max-video-preview:-1"},"canonical":"https:\/\/rhetd.fr\/","og_locale":"fr_FR","og_type":"article","og_title":"Accueil - Roses&#039;Hier et Demain","og_description":"Bienvenue sur le site Roses\u2019Hier et Demain\u00a0(RHetD.fr) \u00e0 Cr\u00e9on ! Ce site est d\u00e9di\u00e9 au maintien de la tradition des \u00ab F\u00eates de la Rosi\u00e8res \u00bb et \u00e0 son actualisation. Ses adh\u00e9rent-e-s ont pour ambition de vous faire vivre de nouveaux projets autour de cette f\u00eate traditionnelle\u2026 \u00c0 Cr\u00e9on, on c\u00e9l\u00e8bre depuis 1907, chaque ann\u00e9e, une rosi\u00e8re et un rosier (exception cr\u00e9onnaise) dans une tradition li\u00e9e \u00e0 l\u2019art pictural, plus la\u00efque que confessionnelle. Nous allons nous retrouver sur le march\u00e9...Lire la suite Lire la suite","og_url":"https:\/\/rhetd.fr\/","og_site_name":"Roses&#039;Hier et Demain","article_publisher":"https:\/\/www.facebook.com\/people\/Roseshier-et-demain\/100090087024739","article_modified_time":"2025-12-08T20:38:29+00:00","og_image":[{"width":2016,"height":792,"url":"https:\/\/rhetd.fr\/wp-content\/uploads\/2023\/03\/bandeau-site3-1.png","type":"image\/png"}],"twitter_card":"summary_large_image","twitter_misc":{"Dur\u00e9e de lecture estim\u00e9e":"1 minute"},"schema":{"@context":"https:\/\/schema.org","@graph":[{"@type":"WebPage","@id":"https:\/\/rhetd.fr\/","url":"https:\/\/rhetd.fr\/","name":"Accueil - Roses&#039;Hier et Demain","isPartOf":{"@id":"https:\/\/rhetd.fr\/#website"},"datePublished":"2025-12-08T20:33:24+00:00","dateModified":"2025-12-08T20:38:29+00:00","breadcrumb":{"@id":"https:\/\/rhetd.fr\/#breadcrumb"},"inLanguage":"fr-FR","potentialAction":[{"@type":"ReadAction","target":["https:\/\/rhetd.fr\/"]}]},{"@type":"BreadcrumbList","@id":"https:\/\/rhetd.fr\/#breadcrumb","itemListElement":[{"@type":"ListItem","position":1,"name":"Accueil","item":"https:\/\/rhetd.fr\/"},{"@type":"ListItem","position":2,"name":"Accueil"}]},{"@type":"WebSite","@id":"https:\/\/rhetd.fr\/#website","url":"https:\/\/rhetd.fr\/","name":"Roses'Hier et Demain","description":"Ce site est d\u00e9di\u00e9 au maintien de la tradition des \u00ab F\u00eates de la Rosi\u00e8res \u00bb et \u00e0 son actualisation","publisher":{"@id":"https:\/\/rhetd.fr\/#organization"},"alternateName":"RHETD","potentialAction":[{"@type":"SearchAction","target":{"@type":"EntryPoint","urlTemplate":"https:\/\/rhetd.fr\/?s={search_term_string}"},"query-input":{"@type":"PropertyValueSpecification","valueRequired":true,"valueName":"search_term_string"}}],"inLanguage":"fr-FR"},{"@type":"Organization","@id":"https:\/\/rhetd.fr\/#organization","name":"Roses'Hier et Demain","url":"https:\/\/rhetd.fr\/","logo":{"@type":"ImageObject","inLanguage":"fr-FR","@id":"https:\/\/rhetd.fr\/#\/schema\/logo\/image\/","url":"https:\/\/rhetd.fr\/wp-content\/uploads\/2023\/03\/cropped-logo-asso.png","contentUrl":"https:\/\/rhetd.fr\/wp-content\/uploads\/2023\/03\/cropped-logo-asso.png","width":512,"height":512,"caption":"Roses'Hier et Demain"},"image":{"@id":"https:\/\/rhetd.fr\/#\/schema\/logo\/image\/"},"sameAs":["https:\/\/www.facebook.com\/people\/Roseshier-et-demain\/100090087024739","https:\/\/www.instagram.com\/roses_hierdemain"]}]}},"jetpack_sharing_enabled":true,"_links":{"self":[{"href":"https:\/\/rhetd.fr\/index.php?rest_route=\/wp\/v2\/pages\/1961","targetHints":{"allow":["GET"]}}],"collection":[{"href":"https:\/\/rhetd.fr\/index.php?rest_route=\/wp\/v2\/pages"}],"about":[{"href":"https:\/\/rhetd.fr\/index.php?rest_route=\/wp\/v2\/types\/page"}],"author":[{"embeddable":true,"href":"https:\/\/rhetd.fr\/index.php?rest_route=\/wp\/v2\/users\/1"}],"replies":[{"embeddable":true,"href":"https:\/\/rhetd.fr\/index.php?rest_route=%2Fwp%2Fv2%2Fcomments&post=1961"}],"version-history":[{"count":5,"href":"https:\/\/rhetd.fr\/index.php?rest_route=\/wp\/v2\/pages\/1961\/revisions"}],"predecessor-version":[{"id":1966,"href":"https:\/\/rhetd.fr\/index.php?rest_route=\/wp\/v2\/pages\/1961\/revisions\/1966"}],"wp:attachment":[{"href":"https:\/\/rhetd.fr\/index.php?rest_route=%2Fwp%2Fv2%2Fmedia&parent=1961"}],"curies":[{"name":"wp","href":"https:\/\/api.w.org\/{rel}","templated":true}]}}