{"id":54,"date":"2022-12-11T18:17:31","date_gmt":"2022-12-11T17:17:31","guid":{"rendered":"https:\/\/rhetd.fr\/?page_id=54"},"modified":"2024-11-13T21:30:33","modified_gmt":"2024-11-13T20:30:33","slug":"nous-contacter","status":"publish","type":"page","link":"https:\/\/rhetd.fr\/?page_id=54","title":{"rendered":"Nous contacter"},"content":{"rendered":"\t\t<div data-elementor-type=\"wp-page\" data-elementor-id=\"54\" class=\"elementor elementor-54\">\n\t\t\t\t\t\t<section class=\"elementor-section elementor-top-section elementor-element elementor-element-340a55f3 elementor-section-boxed elementor-section-height-default elementor-section-height-default\" data-id=\"340a55f3\" data-element_type=\"section\">\n\t\t\t\t\t\t<div class=\"elementor-container elementor-column-gap-default\">\n\t\t\t\t\t<div class=\"elementor-column elementor-col-100 elementor-top-column elementor-element elementor-element-24e11f3e\" data-id=\"24e11f3e\" data-element_type=\"column\">\n\t\t\t<div class=\"elementor-widget-wrap elementor-element-populated\">\n\t\t\t\t\t\t<div class=\"elementor-element elementor-element-130776cc elementor-widget elementor-widget-text-editor\" data-id=\"130776cc\" data-element_type=\"widget\" data-widget_type=\"text-editor.default\">\n\t\t\t\t<div class=\"elementor-widget-container\">\n\t\t\t\t\t\t\t\t\t<p><\/p>\n<div>\n<div class=\"wpcf7 no-js\" id=\"wpcf7-f647-o1\" lang=\"fr-FR\" dir=\"ltr\" data-wpcf7-id=\"647\">\n<div class=\"screen-reader-response\"><p role=\"status\" aria-live=\"polite\" aria-atomic=\"true\"><\/p> <ul><\/ul><\/div>\n<form action=\"\/index.php?rest_route=%2Fwp%2Fv2%2Fpages%2F54#wpcf7-f647-o1\" method=\"post\" class=\"wpcf7-form init\" aria-label=\"Formulaire de contact\" novalidate=\"novalidate\" data-status=\"init\">\n<fieldset class=\"hidden-fields-container\"><input type=\"hidden\" name=\"_wpcf7\" value=\"647\" \/><input type=\"hidden\" name=\"_wpcf7_version\" value=\"6.1.4\" \/><input type=\"hidden\" name=\"_wpcf7_locale\" value=\"fr_FR\" \/><input type=\"hidden\" name=\"_wpcf7_unit_tag\" value=\"wpcf7-f647-o1\" \/><input type=\"hidden\" name=\"_wpcf7_container_post\" value=\"0\" \/><input type=\"hidden\" name=\"_wpcf7_posted_data_hash\" value=\"\" \/>\n<\/fieldset>\n<p><label> Votre nom et pr\u00e9nom<br \/>\n<span class=\"wpcf7-form-control-wrap\" data-name=\"your-name\"><input size=\"40\" maxlength=\"400\" class=\"wpcf7-form-control wpcf7-text wpcf7-validates-as-required\" autocomplete=\"name\" aria-required=\"true\" aria-invalid=\"false\" value=\"\" type=\"text\" name=\"your-name\" \/><\/span> <\/label>\n<\/p>\n<p><label> Votre e-mail<br \/>\n<span class=\"wpcf7-form-control-wrap\" data-name=\"your-email\"><input size=\"40\" maxlength=\"400\" class=\"wpcf7-form-control wpcf7-email wpcf7-validates-as-required wpcf7-text wpcf7-validates-as-email\" autocomplete=\"email\" aria-required=\"true\" aria-invalid=\"false\" value=\"\" type=\"email\" name=\"your-email\" \/><\/span> <\/label>\n<\/p>\n<p><label> Objet<br \/>\n<span class=\"wpcf7-form-control-wrap\" data-name=\"your-subject\"><input size=\"40\" maxlength=\"400\" class=\"wpcf7-form-control wpcf7-text wpcf7-validates-as-required\" aria-required=\"true\" aria-invalid=\"false\" value=\"\" type=\"text\" name=\"your-subject\" \/><\/span> <\/label>\n<\/p>\n<p><label> Votre message<br \/>\n<span class=\"wpcf7-form-control-wrap\" data-name=\"your-message\"><textarea cols=\"40\" rows=\"10\" maxlength=\"2000\" class=\"wpcf7-form-control wpcf7-textarea\" aria-invalid=\"false\" name=\"your-message\"><\/textarea><\/span> <\/label>\n<\/p>\n<p><span class=\"wpcf7-form-control-wrap kc_captcha cf7ic-toggle\" data-name=\"kc_captcha\"><span class=\"wpcf7-form-control wpcf7-radio\"><span class=\"captcha-image\" style=\"display: none;\"><span class=\"cf7ic_instructions\">Veuillez prouver que vous \u00eates humain en s\u00e9lectionnant<span> le c\u0153ur<\/span>.<\/span><label><input aria-label=\"1\" type=\"radio\" name=\"kc_captcha\" value=\"kc_human\" \/><svg aria-hidden=\"true\" role=\"img\" xmlns=\"http:\/\/www.w3.org\/2000\/svg\" viewBox=\"0 0 576 512\"><path fill=\"currentColor\" d=\"M415 24c-53 0-103 42-127 65-24-23-74-65-127-65C70 24 16 77 16 166c0 72 67 133 69 135l187 181c9 8 23 8 32 0l187-180c2-3 69-64 69-136 0-89-54-142-145-142z\"\/><\/svg><\/label><label><input aria-label=\"2\" type=\"radio\" name=\"kc_captcha\" value=\"bot\" \/><svg aria-hidden=\"true\" role=\"img\" xmlns=\"http:\/\/www.w3.org\/2000\/svg\" viewBox=\"0 0 384 512\"><path fill=\"currentColor\" d=\"M377 375l-83-87h34c21 0 32-25 17-40l-82-88h33c21 0 32-25 18-40L210 8c-10-11-26-11-36 0L70 120c-14 15-3 40 18 40h33l-82 88c-15 15-4 40 17 40h34L7 375c-15 16-4 41 17 41h120c0 33-11 49-34 68-12 9-5 28 10 28h144c15 0 22-19 10-28-20-16-34-32-34-68h120c21 0 32-25 17-41z\"\/><\/svg><\/label><label><input aria-label=\"3\" type=\"radio\" name=\"kc_captcha\" value=\"bot\" \/><svg aria-hidden=\"true\" role=\"img\" xmlns=\"http:\/\/www.w3.org\/2000\/svg\" viewBox=\"0 0 576 512\"><path fill=\"currentColor\" d=\"M472 200H360L256 6a12 12 0 00-10-6h-58c-8 0-14 7-12 15l34 185H100l-35-58a12 12 0 00-10-6H12c-8 0-13 7-12 14l21 106L0 362c-1 7 4 14 12 14h43c4 0 8-2 10-6l35-58h110l-34 185c-2 8 4 15 12 15h58a12 12 0 0010-6l104-194h112c57 0 104-25 104-56s-47-56-104-56z\"\/><\/svg><\/label>\r\n    <\/span>\r\n    <span style=\"display:none\">\r\n        <input type=\"text\" name=\"kc_honeypot\">\r\n    <\/span><\/span><\/span>\n<\/p>\n<p><input class=\"wpcf7-form-control wpcf7-submit has-spinner\" type=\"submit\" value=\"Envoyer\" \/>\n<\/p><p style=\"display: none !important;\" class=\"akismet-fields-container\" data-prefix=\"_wpcf7_ak_\"><label>&#916;<textarea name=\"_wpcf7_ak_hp_textarea\" cols=\"45\" rows=\"8\" maxlength=\"100\"><\/textarea><\/label><input type=\"hidden\" id=\"ak_js_1\" name=\"_wpcf7_ak_js\" value=\"175\"\/><script>document.getElementById( \"ak_js_1\" ).setAttribute( \"value\", ( new Date() ).getTime() );<\/script><\/p><div class=\"wpcf7-response-output\" aria-hidden=\"true\"><\/div>\n<\/form>\n<\/div>\n<br \/><br \/><\/div>\n<div class=\"wp-block-contact-form-7-contact-form-selector\">Mais vous pouvez aussi nous contacter sur les r\u00e9seaux sociaux.<\/div>\n<p><\/p>\n<p><\/p>\n<p><a href=\"https:\/\/www.instagram.com\/roseshieretdemain\/\" target=\"_blank\" rel=\"noopener\">https:\/\/www.instagram.com\/roseshieretdemain\/<\/a><\/p>\n<p><\/p>\n<p><\/p>\n<p><a href=\"https:\/\/www.facebook.com\/people\/Roseshieretdemain\/61555859967203\/\" target=\"_blank\" rel=\"noopener\">https:\/\/www.facebook.com\/people\/Roseshieretdemain<\/a><\/p>\n<p>ou par mail \u00e0 : <a href=\"mailto:roseshieretdemain@gmail.com\">roseshieretdemain@gmail.com<\/a><\/p>\n<p><\/p>\t\t\t\t\t\t\t\t<\/div>\n\t\t\t\t<\/div>\n\t\t\t\t\t<\/div>\n\t\t<\/div>\n\t\t\t\t\t<\/div>\n\t\t<\/section>\n\t\t\t\t<\/div>\n\t\t","protected":false},"excerpt":{"rendered":"<p>https:\/\/www.instagram.com\/roseshieretdemain\/ https:\/\/www.facebook.com\/people\/Roseshieretdemain ou par mail \u00e0 : roseshieretdemain@gmail.com<\/p>\n","protected":false},"author":1,"featured_media":0,"parent":0,"menu_order":0,"comment_status":"closed","ping_status":"closed","template":"","meta":{"footnotes":""},"class_list":["post-54","page","type-page","status-publish","hentry"],"yoast_head":"<!-- This site is optimized with the Yoast SEO plugin v26.8 - https:\/\/yoast.com\/product\/yoast-seo-wordpress\/ -->\n<title>Nous contacter - Roses&#039;Hier et Demain<\/title>\n<meta name=\"robots\" content=\"index, follow, max-snippet:-1, max-image-preview:large, max-video-preview:-1\" \/>\n<link rel=\"canonical\" href=\"https:\/\/rhetd.fr\/?page_id=54\" \/>\n<meta property=\"og:locale\" content=\"fr_FR\" \/>\n<meta property=\"og:type\" content=\"article\" \/>\n<meta property=\"og:title\" content=\"Nous contacter - Roses&#039;Hier et Demain\" \/>\n<meta property=\"og:description\" content=\"https:\/\/www.instagram.com\/roseshieretdemain\/ https:\/\/www.facebook.com\/people\/Roseshieretdemain ou par mail \u00e0 : roseshieretdemain@gmail.com\" \/>\n<meta property=\"og:url\" content=\"https:\/\/rhetd.fr\/?page_id=54\" \/>\n<meta property=\"og:site_name\" content=\"Roses&#039;Hier et Demain\" \/>\n<meta property=\"article:publisher\" content=\"https:\/\/www.facebook.com\/people\/Roseshier-et-demain\/100090087024739\" \/>\n<meta property=\"article:modified_time\" content=\"2024-11-13T20:30:33+00:00\" \/>\n<meta property=\"og:image\" content=\"https:\/\/rhetd.fr\/wp-content\/uploads\/2023\/03\/bandeau-site3-1.png\" \/>\n\t<meta property=\"og:image:width\" content=\"2016\" \/>\n\t<meta property=\"og:image:height\" content=\"792\" \/>\n\t<meta property=\"og:image:type\" content=\"image\/png\" \/>\n<meta name=\"twitter:card\" content=\"summary_large_image\" \/>\n<meta name=\"twitter:label1\" content=\"Dur\u00e9e de lecture estim\u00e9e\" \/>\n\t<meta name=\"twitter:data1\" content=\"1 minute\" \/>\n<script type=\"application\/ld+json\" class=\"yoast-schema-graph\">{\"@context\":\"https:\/\/schema.org\",\"@graph\":[{\"@type\":\"WebPage\",\"@id\":\"https:\/\/rhetd.fr\/?page_id=54\",\"url\":\"https:\/\/rhetd.fr\/?page_id=54\",\"name\":\"Nous contacter - Roses&#039;Hier et Demain\",\"isPartOf\":{\"@id\":\"https:\/\/rhetd.fr\/#website\"},\"datePublished\":\"2022-12-11T17:17:31+00:00\",\"dateModified\":\"2024-11-13T20:30:33+00:00\",\"breadcrumb\":{\"@id\":\"https:\/\/rhetd.fr\/?page_id=54#breadcrumb\"},\"inLanguage\":\"fr-FR\",\"potentialAction\":[{\"@type\":\"ReadAction\",\"target\":[\"https:\/\/rhetd.fr\/?page_id=54\"]}]},{\"@type\":\"BreadcrumbList\",\"@id\":\"https:\/\/rhetd.fr\/?page_id=54#breadcrumb\",\"itemListElement\":[{\"@type\":\"ListItem\",\"position\":1,\"name\":\"Accueil\",\"item\":\"https:\/\/rhetd.fr\/\"},{\"@type\":\"ListItem\",\"position\":2,\"name\":\"Nous contacter\"}]},{\"@type\":\"WebSite\",\"@id\":\"https:\/\/rhetd.fr\/#website\",\"url\":\"https:\/\/rhetd.fr\/\",\"name\":\"Roses'Hier et Demain\",\"description\":\"Ce site est d\u00e9di\u00e9 au maintien de la tradition des \u00ab F\u00eates de la Rosi\u00e8res \u00bb et \u00e0 son actualisation\",\"publisher\":{\"@id\":\"https:\/\/rhetd.fr\/#organization\"},\"alternateName\":\"RHETD\",\"potentialAction\":[{\"@type\":\"SearchAction\",\"target\":{\"@type\":\"EntryPoint\",\"urlTemplate\":\"https:\/\/rhetd.fr\/?s={search_term_string}\"},\"query-input\":{\"@type\":\"PropertyValueSpecification\",\"valueRequired\":true,\"valueName\":\"search_term_string\"}}],\"inLanguage\":\"fr-FR\"},{\"@type\":\"Organization\",\"@id\":\"https:\/\/rhetd.fr\/#organization\",\"name\":\"Roses'Hier et Demain\",\"url\":\"https:\/\/rhetd.fr\/\",\"logo\":{\"@type\":\"ImageObject\",\"inLanguage\":\"fr-FR\",\"@id\":\"https:\/\/rhetd.fr\/#\/schema\/logo\/image\/\",\"url\":\"https:\/\/rhetd.fr\/wp-content\/uploads\/2023\/03\/cropped-logo-asso.png\",\"contentUrl\":\"https:\/\/rhetd.fr\/wp-content\/uploads\/2023\/03\/cropped-logo-asso.png\",\"width\":512,\"height\":512,\"caption\":\"Roses'Hier et Demain\"},\"image\":{\"@id\":\"https:\/\/rhetd.fr\/#\/schema\/logo\/image\/\"},\"sameAs\":[\"https:\/\/www.facebook.com\/people\/Roseshier-et-demain\/100090087024739\",\"https:\/\/www.instagram.com\/roses_hierdemain\"]}]}<\/script>\n<!-- \/ Yoast SEO plugin. -->","yoast_head_json":{"title":"Nous contacter - Roses&#039;Hier et Demain","robots":{"index":"index","follow":"follow","max-snippet":"max-snippet:-1","max-image-preview":"max-image-preview:large","max-video-preview":"max-video-preview:-1"},"canonical":"https:\/\/rhetd.fr\/?page_id=54","og_locale":"fr_FR","og_type":"article","og_title":"Nous contacter - Roses&#039;Hier et Demain","og_description":"https:\/\/www.instagram.com\/roseshieretdemain\/ https:\/\/www.facebook.com\/people\/Roseshieretdemain ou par mail \u00e0 : roseshieretdemain@gmail.com","og_url":"https:\/\/rhetd.fr\/?page_id=54","og_site_name":"Roses&#039;Hier et Demain","article_publisher":"https:\/\/www.facebook.com\/people\/Roseshier-et-demain\/100090087024739","article_modified_time":"2024-11-13T20:30:33+00:00","og_image":[{"width":2016,"height":792,"url":"https:\/\/rhetd.fr\/wp-content\/uploads\/2023\/03\/bandeau-site3-1.png","type":"image\/png"}],"twitter_card":"summary_large_image","twitter_misc":{"Dur\u00e9e de lecture estim\u00e9e":"1 minute"},"schema":{"@context":"https:\/\/schema.org","@graph":[{"@type":"WebPage","@id":"https:\/\/rhetd.fr\/?page_id=54","url":"https:\/\/rhetd.fr\/?page_id=54","name":"Nous contacter - Roses&#039;Hier et Demain","isPartOf":{"@id":"https:\/\/rhetd.fr\/#website"},"datePublished":"2022-12-11T17:17:31+00:00","dateModified":"2024-11-13T20:30:33+00:00","breadcrumb":{"@id":"https:\/\/rhetd.fr\/?page_id=54#breadcrumb"},"inLanguage":"fr-FR","potentialAction":[{"@type":"ReadAction","target":["https:\/\/rhetd.fr\/?page_id=54"]}]},{"@type":"BreadcrumbList","@id":"https:\/\/rhetd.fr\/?page_id=54#breadcrumb","itemListElement":[{"@type":"ListItem","position":1,"name":"Accueil","item":"https:\/\/rhetd.fr\/"},{"@type":"ListItem","position":2,"name":"Nous contacter"}]},{"@type":"WebSite","@id":"https:\/\/rhetd.fr\/#website","url":"https:\/\/rhetd.fr\/","name":"Roses'Hier et Demain","description":"Ce site est d\u00e9di\u00e9 au maintien de la tradition des \u00ab F\u00eates de la Rosi\u00e8res \u00bb et \u00e0 son actualisation","publisher":{"@id":"https:\/\/rhetd.fr\/#organization"},"alternateName":"RHETD","potentialAction":[{"@type":"SearchAction","target":{"@type":"EntryPoint","urlTemplate":"https:\/\/rhetd.fr\/?s={search_term_string}"},"query-input":{"@type":"PropertyValueSpecification","valueRequired":true,"valueName":"search_term_string"}}],"inLanguage":"fr-FR"},{"@type":"Organization","@id":"https:\/\/rhetd.fr\/#organization","name":"Roses'Hier et Demain","url":"https:\/\/rhetd.fr\/","logo":{"@type":"ImageObject","inLanguage":"fr-FR","@id":"https:\/\/rhetd.fr\/#\/schema\/logo\/image\/","url":"https:\/\/rhetd.fr\/wp-content\/uploads\/2023\/03\/cropped-logo-asso.png","contentUrl":"https:\/\/rhetd.fr\/wp-content\/uploads\/2023\/03\/cropped-logo-asso.png","width":512,"height":512,"caption":"Roses'Hier et Demain"},"image":{"@id":"https:\/\/rhetd.fr\/#\/schema\/logo\/image\/"},"sameAs":["https:\/\/www.facebook.com\/people\/Roseshier-et-demain\/100090087024739","https:\/\/www.instagram.com\/roses_hierdemain"]}]}},"jetpack_sharing_enabled":true,"_links":{"self":[{"href":"https:\/\/rhetd.fr\/index.php?rest_route=\/wp\/v2\/pages\/54","targetHints":{"allow":["GET"]}}],"collection":[{"href":"https:\/\/rhetd.fr\/index.php?rest_route=\/wp\/v2\/pages"}],"about":[{"href":"https:\/\/rhetd.fr\/index.php?rest_route=\/wp\/v2\/types\/page"}],"author":[{"embeddable":true,"href":"https:\/\/rhetd.fr\/index.php?rest_route=\/wp\/v2\/users\/1"}],"replies":[{"embeddable":true,"href":"https:\/\/rhetd.fr\/index.php?rest_route=%2Fwp%2Fv2%2Fcomments&post=54"}],"version-history":[{"count":50,"href":"https:\/\/rhetd.fr\/index.php?rest_route=\/wp\/v2\/pages\/54\/revisions"}],"predecessor-version":[{"id":674,"href":"https:\/\/rhetd.fr\/index.php?rest_route=\/wp\/v2\/pages\/54\/revisions\/674"}],"wp:attachment":[{"href":"https:\/\/rhetd.fr\/index.php?rest_route=%2Fwp%2Fv2%2Fmedia&parent=54"}],"curies":[{"name":"wp","href":"https:\/\/api.w.org\/{rel}","templated":true}]}}